{"id":57,"date":"2018-03-18T20:56:14","date_gmt":"2018-03-18T19:56:14","guid":{"rendered":"https:\/\/praxisbrandau.de\/?page_id=57"},"modified":"2026-03-22T11:12:27","modified_gmt":"2026-03-22T10:12:27","slug":"psychotherapie","status":"publish","type":"page","link":"https:\/\/praxisbrandau.de\/?page_id=57","title":{"rendered":"Psychotherapie"},"content":{"rendered":"<p>[et_pb_section fb_built=&#8220;1&#8243; fullwidth=&#8220;on&#8220; _builder_version=&#8220;4.16&#8243; global_colors_info=&#8220;{}&#8220;][et_pb_fullwidth_image src=&#8220;https:\/\/praxisbrandau.de\/wp-content\/uploads\/2018\/04\/pexels-photo-675262.jpg&#8220; _builder_version=&#8220;4.16&#8243; global_colors_info=&#8220;{}&#8220;][\/et_pb_fullwidth_image][\/et_pb_section][et_pb_section fb_built=&#8220;1&#8243; admin_label=&#8220;section&#8220; _builder_version=&#8220;4.16&#8243; global_colors_info=&#8220;{}&#8220;][et_pb_row column_structure=&#8220;1_3,1_3,1_3&#8243; _builder_version=&#8220;4.16&#8243; background_size=&#8220;initial&#8220; background_position=&#8220;top_left&#8220; background_repeat=&#8220;repeat&#8220; global_colors_info=&#8220;{}&#8220;][et_pb_column type=&#8220;1_3&#8243; _builder_version=&#8220;4.16&#8243; custom_padding=&#8220;|||&#8220; global_colors_info=&#8220;{}&#8220; custom_padding__hover=&#8220;|||&#8220;][\/et_pb_column][et_pb_column type=&#8220;1_3&#8243; _builder_version=&#8220;4.16&#8243; custom_padding=&#8220;|||&#8220; global_colors_info=&#8220;{}&#8220; custom_padding__hover=&#8220;|||&#8220;][et_pb_image src=&#8220;https:\/\/praxisbrandau.de\/wp-content\/uploads\/2022\/07\/Icon_Beratung-1.png&#8220; title_text=&#8220;Icon_Beratung&#8220; show_bottom_space=&#8220;off&#8220; align=&#8220;center&#8220; align_tablet=&#8220;center&#8220; align_phone=&#8220;center&#8220; align_last_edited=&#8220;on|desktop&#8220; _builder_version=&#8220;4.16&#8243; max_width=&#8220;50%&#8220; module_alignment=&#8220;center&#8220; custom_margin=&#8220;||20px|&#8220; global_colors_info=&#8220;{}&#8220;][\/et_pb_image][et_pb_blurb title=&#8220;Psychotherapie&#8220; _builder_version=&#8220;4.16&#8243; header_level=&#8220;h2&#8243; header_font=&#8220;Abhaya Libre|||||on|||&#8220; header_text_align=&#8220;center&#8220; header_text_color=&#8220;#bfb8b0&#8243; body_font=&#8220;Abhaya Libre||||||||&#8220; body_text_align=&#8220;center&#8220; text_orientation=&#8220;center&#8220; global_colors_info=&#8220;{}&#8220;][\/et_pb_blurb][\/et_pb_column][et_pb_column type=&#8220;1_3&#8243; _builder_version=&#8220;4.16&#8243; custom_padding=&#8220;|||&#8220; global_colors_info=&#8220;{}&#8220; custom_padding__hover=&#8220;|||&#8220;][\/et_pb_column][\/et_pb_row][et_pb_row admin_label=&#8220;row&#8220; _builder_version=&#8220;4.16&#8243; background_size=&#8220;initial&#8220; background_position=&#8220;top_left&#8220; background_repeat=&#8220;repeat&#8220; global_colors_info=&#8220;{}&#8220;][et_pb_column type=&#8220;4_4&#8243; _builder_version=&#8220;4.16&#8243; custom_padding=&#8220;|||&#8220; global_colors_info=&#8220;{}&#8220; custom_padding__hover=&#8220;|||&#8220;][et_pb_text _builder_version=&#8220;4.16&#8243; text_font=&#8220;Abhaya Libre||||||||&#8220; text_text_color=&#8220;#707070&#8243; header_font=&#8220;Abhaya Libre|||||on|||&#8220; header_text_align=&#8220;center&#8220; background_size=&#8220;initial&#8220; background_position=&#8220;top_left&#8220; background_repeat=&#8220;repeat&#8220; text_orientation=&#8220;center&#8220; global_colors_info=&#8220;{}&#8220;]<\/p>\n<p data-start=\"64\" data-end=\"342\">Eine vertrauensvolle therapeutische Beziehung bildet die Grundlage jeder Behandlung. In einem respektvollen und wertsch\u00e4tzenden Rahmen m\u00f6chte ich gemeinsam mit Ihnen verstehen, welche Belastungen oder Konflikte Sie aktuell besch\u00e4ftigen, und neue Wege im Umgang damit entwickeln.<\/p>\n<p data-start=\"344\" data-end=\"754\">Meine Arbeit basiert auf der kognitiven Verhaltenstherapie. Je nach Fragestellung beziehe ich jedoch auch andere therapeutische Perspektiven und Methoden ein, etwa aus der Akzeptanz- und Commitmenttherapie oder der Schematherapie. Ziel ist es, ein vertieftes Verst\u00e4ndnis f\u00fcr pers\u00f6nliche Muster, innere Konflikte und aktuelle Belastungen zu gewinnen und daraus hilfreiche Ver\u00e4nderungen im Alltag zu erm\u00f6glichen.<\/p>\n<p data-start=\"756\" data-end=\"999\">Zu Beginn der Behandlung nehmen wir uns Zeit f\u00fcr eine sorgf\u00e4ltige diagnostische Abkl\u00e4rung. Auf dieser Grundlage besprechen wir gemeinsam, welche Therapieziele f\u00fcr Sie sinnvoll sind und welcher Behandlungsweg am besten zu Ihrer Situation passt.<\/p>\n<p data-start=\"1001\" data-end=\"1257\">Eine Sitzung dauert 50 Minuten und findet in der Regel einmal pro Woche statt. Die Dauer einer Behandlung kann unterschiedlich sein und reicht von einer Kurzzeittherapie mit bis zu 25 Sitzungen bis zu einer Langzeittherapie mit 45 bis maximal 80 Sitzungen.<\/p>\n<p>[\/et_pb_text][\/et_pb_column][\/et_pb_row][\/et_pb_section]<\/p>\n","protected":false},"excerpt":{"rendered":"<p>Eine vertrauensvolle therapeutische Beziehung bildet die Grundlage jeder Behandlung. In einem respektvollen und wertsch\u00e4tzenden Rahmen m\u00f6chte ich gemeinsam mit Ihnen verstehen, welche Belastungen oder Konflikte Sie aktuell besch\u00e4ftigen, und neue Wege im Umgang damit entwickeln. Meine Arbeit basiert auf der kognitiven Verhaltenstherapie. Je nach Fragestellung beziehe ich jedoch auch andere therapeutische Perspektiven und Methoden ein, [&hellip;]<\/p>\n","protected":false},"author":1,"featured_media":0,"parent":0,"menu_order":0,"comment_status":"closed","ping_status":"closed","template":"","meta":{"_et_pb_use_builder":"on","_et_pb_old_content":"<p>Eine von Respekt und Wertsch\u00e4tzung gepr\u00e4gte therapeutische Beziehung ist grundlegend f\u00fcr einen erfolgreichen Behandlungsverlauf. Auf dieser Basis m\u00f6chte ich mit Ihnen individuelle Probleme beleuchten, um gemeinsam die sich aus Ihren St\u00e4rken und F\u00e4higkeiten ergebenden L\u00f6sungs- und Bew\u00e4ltigungsstrategien zu finden. Das von mir haupts\u00e4chlich angewandte Therapieverfahren ist die kognitiv-behaviorale Psychotherapie als Einzeltherapie. Die Behandlungsdauer ist unterschiedlich (Kurzzeittherapie mit bis zu 25 Behandlungsstunden bzw.Langzeittherapie mit 45 bis maximal 80 Behandlungsstunden). Immer werden Therapieziele erarbeitet. Therapeut und Patient sitzen sich gegen\u00fcber. In der Regel findet eine Therapiesitzung pro Woche statt. Eine Therapiestunde dauert 50 Minuten.<\/p><p>In der Therapie wird ein Verst\u00e4ndnis f\u00fcr aktuelle psychische Beeintr\u00e4chtigungen, innerseelische oder zwischenmenschliche Konflikte erarbeitet, indem man versucht, sich in der eigenen Lebensgeschichte erworbenen unbewussten Gef\u00fchlen, inneren Konflikten oder Erlebnismustern anzun\u00e4hern. Wenn m\u00f6glich, sollten diese unbewussten Prozesse verstanden oder bewusst gemacht werden. Ein weiterer wichtiger Schritt ist, Gef\u00fchle klarer wahrzunehmen und zu benennen. Das Ziel ist die Besserung oder gar Beseitigung der durch den Konflikt auftretenden Symptome, Ver\u00e4nderung und Gesundung werden m\u00f6glich.<\/p><p>Die Verhaltenstherapie ist ein wissenschaftlich anerkanntes Therapieverfahren und Ihre Wirksamkeit ist nachgewiesen.\u00a0 Welche Form der Therapie bei Ihnen angewandt werden sollte und was die Therapieziele sind, kl\u00e4ren wir gemeinsam in den Vorgespr\u00e4chen, nachdem wir Ihr Anliegen ausf\u00fchrlich besprochen haben.<\/p>","_et_gb_content_width":"","footnotes":""},"class_list":["post-57","page","type-page","status-publish","hentry"],"_links":{"self":[{"href":"https:\/\/praxisbrandau.de\/index.php?rest_route=\/wp\/v2\/pages\/57","targetHints":{"allow":["GET"]}}],"collection":[{"href":"https:\/\/praxisbrandau.de\/index.php?rest_route=\/wp\/v2\/pages"}],"about":[{"href":"https:\/\/praxisbrandau.de\/index.php?rest_route=\/wp\/v2\/types\/page"}],"author":[{"embeddable":true,"href":"https:\/\/praxisbrandau.de\/index.php?rest_route=\/wp\/v2\/users\/1"}],"replies":[{"embeddable":true,"href":"https:\/\/praxisbrandau.de\/index.php?rest_route=%2Fwp%2Fv2%2Fcomments&post=57"}],"version-history":[{"count":27,"href":"https:\/\/praxisbrandau.de\/index.php?rest_route=\/wp\/v2\/pages\/57\/revisions"}],"predecessor-version":[{"id":635,"href":"https:\/\/praxisbrandau.de\/index.php?rest_route=\/wp\/v2\/pages\/57\/revisions\/635"}],"wp:attachment":[{"href":"https:\/\/praxisbrandau.de\/index.php?rest_route=%2Fwp%2Fv2%2Fmedia&parent=57"}],"curies":[{"name":"wp","href":"https:\/\/api.w.org\/{rel}","templated":true}]}}