{"id":59,"date":"2018-03-18T20:56:31","date_gmt":"2018-03-18T19:56:31","guid":{"rendered":"https:\/\/praxisbrandau.de\/?page_id=59"},"modified":"2026-03-22T11:19:08","modified_gmt":"2026-03-22T10:19:08","slug":"psychiatrie","status":"publish","type":"page","link":"https:\/\/praxisbrandau.de\/?page_id=59","title":{"rendered":"Psychiatrie"},"content":{"rendered":"<p>[et_pb_section fb_built=&#8220;1&#8243; fullwidth=&#8220;on&#8220; _builder_version=&#8220;4.16&#8243; global_colors_info=&#8220;{}&#8220;][et_pb_fullwidth_image src=&#8220;https:\/\/praxisbrandau.de\/wp-content\/uploads\/2021\/01\/iStock-1206938090_bearb.jpg&#8220; _builder_version=&#8220;4.16&#8243; global_colors_info=&#8220;{}&#8220;][\/et_pb_fullwidth_image][\/et_pb_section][et_pb_section fb_built=&#8220;1&#8243; admin_label=&#8220;section&#8220; _builder_version=&#8220;4.16&#8243; global_colors_info=&#8220;{}&#8220;][et_pb_row _builder_version=&#8220;4.16&#8243; background_size=&#8220;initial&#8220; background_position=&#8220;top_left&#8220; background_repeat=&#8220;repeat&#8220; global_colors_info=&#8220;{}&#8220; column_structure=&#8220;1_3,1_3,1_3&#8243;][et_pb_column type=&#8220;1_3&#8243; _builder_version=&#8220;4.16&#8243; custom_padding=&#8220;|||&#8220; global_colors_info=&#8220;{}&#8220; custom_padding__hover=&#8220;|||&#8220;][\/et_pb_column][et_pb_column type=&#8220;1_3&#8243; _builder_version=&#8220;4.16&#8243; custom_padding=&#8220;|||&#8220; global_colors_info=&#8220;{}&#8220; custom_padding__hover=&#8220;|||&#8220;][et_pb_image src=&#8220;https:\/\/praxisbrandau.de\/wp-content\/uploads\/2018\/03\/Icon_Psychiatrie.png&#8220; show_bottom_space=&#8220;off&#8220; align=&#8220;center&#8220; align_tablet=&#8220;center&#8220; align_last_edited=&#8220;on|desktop&#8220; _builder_version=&#8220;4.16&#8243; max_width=&#8220;50%&#8220; module_alignment=&#8220;center&#8220; custom_margin=&#8220;||20px|&#8220; global_colors_info=&#8220;{}&#8220; align_phone=&#8220;center&#8220;][\/et_pb_image][et_pb_blurb title=&#8220;Psychiatrie&#8220; _builder_version=&#8220;4.16&#8243; header_level=&#8220;h2&#8243; header_font=&#8220;Abhaya Libre|||||on|||&#8220; header_text_align=&#8220;center&#8220; header_text_color=&#8220;#bfb8b0&#8243; body_font=&#8220;Abhaya Libre||||||||&#8220; body_text_align=&#8220;center&#8220; text_orientation=&#8220;center&#8220; global_colors_info=&#8220;{}&#8220;][\/et_pb_blurb][\/et_pb_column][et_pb_column type=&#8220;1_3&#8243; _builder_version=&#8220;4.16&#8243; custom_padding=&#8220;|||&#8220; global_colors_info=&#8220;{}&#8220; custom_padding__hover=&#8220;|||&#8220;][\/et_pb_column][\/et_pb_row][et_pb_row admin_label=&#8220;row&#8220; _builder_version=&#8220;4.16&#8243; background_size=&#8220;initial&#8220; background_position=&#8220;top_left&#8220; background_repeat=&#8220;repeat&#8220; global_colors_info=&#8220;{}&#8220;][et_pb_column type=&#8220;4_4&#8243; _builder_version=&#8220;4.16&#8243; custom_padding=&#8220;|||&#8220; global_colors_info=&#8220;{}&#8220; custom_padding__hover=&#8220;|||&#8220;][et_pb_text _builder_version=&#8220;4.16&#8243; text_font=&#8220;Abhaya Libre||||||||&#8220; text_text_color=&#8220;#707070&#8243; header_font=&#8220;Abhaya Libre|||||on|||&#8220; header_text_align=&#8220;center&#8220; background_size=&#8220;initial&#8220; background_position=&#8220;top_left&#8220; background_repeat=&#8220;repeat&#8220; text_orientation=&#8220;center&#8220; global_colors_info=&#8220;{}&#8220;]<\/p>\n<p data-start=\"37\" data-end=\"242\">Als Fach\u00e4rztin f\u00fcr Psychiatrie verf\u00fcge ich \u00fcber eine umfassende medizinische Ausbildung in der Behandlung psychischer Erkrankungen.<br data-start=\"168\" data-end=\"171\" \/>In meiner Praxis arbeite ich jedoch ausschlie\u00dflich psychotherapeutisch.<\/p>\n<p data-start=\"244\" data-end=\"375\">Eine psychiatrische Behandlung im Sinne von Medikamentenverordnung, Attesten oder Krankschreibungen erfolgt in meiner Praxis nicht.<\/p>\n<p data-start=\"377\" data-end=\"522\">Wenn eine medikament\u00f6se Behandlung erforderlich ist, empfehle ich die Vorstellung in einer psychiatrischen Praxis mit entsprechendem Schwerpunkt.<\/p>\n<p>[\/et_pb_text][\/et_pb_column][\/et_pb_row][\/et_pb_section]<\/p>\n","protected":false},"excerpt":{"rendered":"<p>Als Fach\u00e4rztin f\u00fcr Psychiatrie verf\u00fcge ich \u00fcber eine umfassende medizinische Ausbildung in der Behandlung psychischer Erkrankungen.In meiner Praxis arbeite ich jedoch ausschlie\u00dflich psychotherapeutisch. Eine psychiatrische Behandlung im Sinne von Medikamentenverordnung, Attesten oder Krankschreibungen erfolgt in meiner Praxis nicht. Wenn eine medikament\u00f6se Behandlung erforderlich ist, empfehle ich die Vorstellung in einer psychiatrischen Praxis mit entsprechendem Schwerpunkt.<\/p>\n","protected":false},"author":1,"featured_media":0,"parent":0,"menu_order":0,"comment_status":"closed","ping_status":"closed","template":"","meta":{"_et_pb_use_builder":"on","_et_pb_old_content":"Psychiatrie ist eine \u00e4rztliche Fachdisziplin, die sich mit der Erkennung, Behandlung und Verh\u00fctung von psychischen Krankheiten jeglicher Art besch\u00e4ftigt.\r\n\r\nVoraussetzung f\u00fcr die selbst\u00e4ndige T\u00e4tigkeit als Psychiater ist die Anerkennung als Facharzt f\u00fcr Psychiatrie, die nach der \u00e4rztlichen Approbation eine mindestens f\u00fcnfj\u00e4hrige strukturierte Weiterbildung mit abschlie\u00dfender Facharztpr\u00fcfung voraussetzt. Daran schlie\u00dft sich eine dauerhafte Weiterbildungspflicht an, die von der zust\u00e4ndigen \u00c4rztekammer \u00fcberwacht wird.\r\n\r\nIn diesem Sinne unterscheidet sich eine fach\u00e4rztliche psychiatrische Behandlung qualitativ klar von anderen Gesundheits- und Therapieangeboten im Bereich des psychischen Leidens. Der Facharzt f\u00fcr Psychiatrie ist spezialisiert auf eine pr\u00e4zise diagnostische Abkl\u00e4rung verschiedener <a href=\"https:\/\/www.ppcc-berlin.de\/Krankheitsbilder-Behandlung.html\">Krankheitsbilder<\/a> und erstellt f\u00fcr jeden Patienten einen individuellen Therapieplan. Medikamente k\u00f6nnen, sofern notwendig, bei Bedarf eingesetzt werden.Ich\u00a0 \u00fcberpr\u00fcfe auch Ihre Arbeits- bzw. Dienstf\u00e4higkeit. Eine Arbeitsunf\u00e4higkeitsbescheinigung zur Vorlage beim Arbeitgeber, bei Beh\u00f6rden und Versicherungen kann f\u00fcr privat versicherte Patienten ausgestellt werden.","_et_gb_content_width":"","footnotes":""},"class_list":["post-59","page","type-page","status-publish","hentry"],"_links":{"self":[{"href":"https:\/\/praxisbrandau.de\/index.php?rest_route=\/wp\/v2\/pages\/59","targetHints":{"allow":["GET"]}}],"collection":[{"href":"https:\/\/praxisbrandau.de\/index.php?rest_route=\/wp\/v2\/pages"}],"about":[{"href":"https:\/\/praxisbrandau.de\/index.php?rest_route=\/wp\/v2\/types\/page"}],"author":[{"embeddable":true,"href":"https:\/\/praxisbrandau.de\/index.php?rest_route=\/wp\/v2\/users\/1"}],"replies":[{"embeddable":true,"href":"https:\/\/praxisbrandau.de\/index.php?rest_route=%2Fwp%2Fv2%2Fcomments&post=59"}],"version-history":[{"count":15,"href":"https:\/\/praxisbrandau.de\/index.php?rest_route=\/wp\/v2\/pages\/59\/revisions"}],"predecessor-version":[{"id":637,"href":"https:\/\/praxisbrandau.de\/index.php?rest_route=\/wp\/v2\/pages\/59\/revisions\/637"}],"wp:attachment":[{"href":"https:\/\/praxisbrandau.de\/index.php?rest_route=%2Fwp%2Fv2%2Fmedia&parent=59"}],"curies":[{"name":"wp","href":"https:\/\/api.w.org\/{rel}","templated":true}]}}